{"id":299,"date":"2023-12-11T21:52:10","date_gmt":"2023-12-11T20:52:10","guid":{"rendered":"https:\/\/matajis-kitchen.com\/?page_id=299"},"modified":"2025-11-23T20:18:02","modified_gmt":"2025-11-23T19:18:02","slug":"news","status":"publish","type":"page","link":"https:\/\/matajis-kitchen.com\/de\/news\/","title":{"rendered":"Silvestermen\u00fc"},"content":{"rendered":"<div class=\"wp-block-group\"><div class=\"wp-block-group__inner-container is-layout-constrained wp-block-group-is-layout-constrained\">\n<div class=\"wp-block-columns is-layout-flex wp-container-core-columns-is-layout-9d6595d7 wp-block-columns-is-layout-flex\">\n<div class=\"wp-block-column is-layout-flow wp-block-column-is-layout-flow\">\n<p>Liebe Freunde der indischen K\u00fcche, liebe mataji\u2019s kitchen Freunde, <br><br>haben Sie schon Pl\u00e4ne f\u00fcr Silvester? <br>Wir lassen das Jahr festlich ausklingen und feiern gerne mit Ihnen zusammen. Unser Silvestermen\u00fc finden Sie <a href=\"https:\/\/matajis-kitchen.com\/wp-content\/uploads\/2025\/11\/2025_Silvester_Restaurant.pdf\">hier<\/a>.<\/p>\n\n\n\n<p>F\u00fcr alle, die Silvester zu Hause feiern, bieten wir \u00fcber unseren Online-Shop die Lieferung Ihrer Lieblingsgerichte wie \u00fcblich an.<br><br>Wir freuen uns \u00fcber Ihre Reservierung oder Ihre Bestellung.<br>Bis bald,<br>Ihr mataji&#8217;s kitchen Team<br><br><a href=\"https:\/\/matajis-kitchen.com\/wp-content\/uploads\/2025\/11\/2025_Silvester_Restaurant.pdf\">Silvestermen\u00fc 2025<\/a><\/p>\n\n\n\n<p><\/p>\n\n\n\n<p><\/p>\n<\/div>\n\n\n\n<div class=\"wp-block-column is-layout-flow wp-block-column-is-layout-flow\">\n<figure class=\"wp-block-image size-large\"><img loading=\"lazy\" decoding=\"async\" width=\"1024\" height=\"684\" src=\"https:\/\/matajis-kitchen.com\/wp-content\/uploads\/2023\/12\/pexels-cottonbro-studio-3171837-1024x684.jpg\" alt=\"\" class=\"wp-image-305\" srcset=\"https:\/\/matajis-kitchen.com\/wp-content\/uploads\/2023\/12\/pexels-cottonbro-studio-3171837-1024x684.jpg 1024w, https:\/\/matajis-kitchen.com\/wp-content\/uploads\/2023\/12\/pexels-cottonbro-studio-3171837-300x200.jpg 300w, https:\/\/matajis-kitchen.com\/wp-content\/uploads\/2023\/12\/pexels-cottonbro-studio-3171837-768x513.jpg 768w, https:\/\/matajis-kitchen.com\/wp-content\/uploads\/2023\/12\/pexels-cottonbro-studio-3171837-1536x1026.jpg 1536w, https:\/\/matajis-kitchen.com\/wp-content\/uploads\/2023\/12\/pexels-cottonbro-studio-3171837-2048x1368.jpg 2048w, https:\/\/matajis-kitchen.com\/wp-content\/uploads\/2023\/12\/pexels-cottonbro-studio-3171837-18x12.jpg 18w, https:\/\/matajis-kitchen.com\/wp-content\/uploads\/2023\/12\/pexels-cottonbro-studio-3171837-1568x1047.jpg 1568w, https:\/\/matajis-kitchen.com\/wp-content\/uploads\/2023\/12\/pexels-cottonbro-studio-3171837-1920x1283.jpg 1920w, https:\/\/matajis-kitchen.com\/wp-content\/uploads\/2023\/12\/pexels-cottonbro-studio-3171837-600x401.jpg 600w\" sizes=\"auto, (max-width: 1024px) 100vw, 1024px\" \/><\/figure>\n\n\n\n<p><\/p>\n<\/div>\n<\/div>\n<\/div><\/div>","protected":false},"excerpt":{"rendered":"<p>Liebe Freunde der indischen K\u00fcche, liebe mataji\u2019s kitchen Freunde, haben Sie schon Pl\u00e4ne f\u00fcr Silvester? Wir lassen das Jahr festlich ausklingen und feiern gerne mit Ihnen zusammen. Unser Silvestermen\u00fc finden Sie hier. F\u00fcr alle, die Silvester zu Hause feiern, bieten wir \u00fcber unseren Online-Shop die Lieferung Ihrer Lieblingsgerichte wie \u00fcblich an. Wir freuen uns \u00fcber [&hellip;]<\/p>","protected":false},"author":1,"featured_media":0,"parent":0,"menu_order":0,"comment_status":"closed","ping_status":"closed","template":"","meta":{"footnotes":""},"class_list":["post-299","page","type-page","status-publish","hentry","entry"],"_links":{"self":[{"href":"https:\/\/matajis-kitchen.com\/de\/wp-json\/wp\/v2\/pages\/299","targetHints":{"allow":["GET"]}}],"collection":[{"href":"https:\/\/matajis-kitchen.com\/de\/wp-json\/wp\/v2\/pages"}],"about":[{"href":"https:\/\/matajis-kitchen.com\/de\/wp-json\/wp\/v2\/types\/page"}],"author":[{"embeddable":true,"href":"https:\/\/matajis-kitchen.com\/de\/wp-json\/wp\/v2\/users\/1"}],"replies":[{"embeddable":true,"href":"https:\/\/matajis-kitchen.com\/de\/wp-json\/wp\/v2\/comments?post=299"}],"version-history":[{"count":9,"href":"https:\/\/matajis-kitchen.com\/de\/wp-json\/wp\/v2\/pages\/299\/revisions"}],"predecessor-version":[{"id":369,"href":"https:\/\/matajis-kitchen.com\/de\/wp-json\/wp\/v2\/pages\/299\/revisions\/369"}],"wp:attachment":[{"href":"https:\/\/matajis-kitchen.com\/de\/wp-json\/wp\/v2\/media?parent=299"}],"curies":[{"name":"wp","href":"https:\/\/api.w.org\/{rel}","templated":true}]}}